{"id":391,"date":"2023-11-26T18:57:07","date_gmt":"2023-11-26T17:57:07","guid":{"rendered":"https:\/\/gjmaths.fr\/?page_id=391"},"modified":"2025-06-22T12:04:25","modified_gmt":"2025-06-22T10:04:25","slug":"competences","status":"publish","type":"page","link":"https:\/\/gjmaths.fr\/index.php\/competences\/","title":{"rendered":"Comp\u00e9tences"},"content":{"rendered":"\n<p><em>(NB. Document r\u00e9dig\u00e9 en 2019. Il appartient au lecteur candidat Cap\u00e9sien de l&rsquo;actualiser \u00e0 l&rsquo;\u00e9clairage des sessions les plus r\u00e9centes).<\/em><\/p>\n\n\n\n<p>Jusqu&rsquo;\u00e0 la session 2010 du CAPES, il \u00e9tait souvent question dans le travail \u00e0 pr\u00e9senter au jury lors de l&rsquo;Oral 2 de d\u00e9gager les \u00ab savoirs et m\u00e9thodes \u00bb travaill\u00e9s dans un exercice.<\/p>\n\n\n\n<p>La session 2011 de l\u2019\u00e9preuve sur dossier s\u2019est distingu\u00e9e par l\u2019abandon de cette formulation, remplac\u00e9e par une question r\u00e9currente : \u00ab Quelles sont les connaissances et comp\u00e9tences mises en jeu ? \u00bb. Les sessions suivantes jusqu&rsquo;en 2017 inclus ont complaisamment surench\u00e9ri : \u00ab Analysez ces productions d&rsquo;\u00e9l\u00e8ves en mettant en \u00e9vidence les comp\u00e9tences acquises \u00bb. Cependant, les auteurs des sujets eux-m\u00eames h\u00e9sitaient sur la signification d&rsquo;une telle question. Lors de chaque session en effet, un ou plusieurs sujets d&rsquo;\u00e9preuve sur dossier, franchissant all\u00e9grement les bornes du ridicule, donnaient l&rsquo;occasion d&rsquo;en d\u00e9noncer, preuves \u00e0 l&rsquo;appui, quelques d\u00e9rives regrettables.<\/p>\n\n\n\n<p>Ce changement de vocabulaire semble \u00e9troitement li\u00e9 au changement d\u2019orientation des directives minist\u00e9rielles qui ne d\u00e9finissent plus les objectifs d\u2019enseignement en termes de savoirs \u00e0 apprendre et de m\u00e9thodes \u00e0 acqu\u00e9rir, mais en termes de <strong>comp\u00e9tences<\/strong>.<br>Ivana Ballarini-Santonocito explique ainsi ce changement d&rsquo;orientation, sensible dans toutes les disciplines (Mediadoc n\u00b0 5 D\u00e9c.2010) :<\/p>\n\n\n\n<blockquote class=\"wp-block-quote is-layout-flow wp-block-quote-is-layout-flow\">\n<p>\u00ab\u00a0La mise en place du socle commun de connaissances et de comp\u00e9tences tente d\u2019impulser une approche des apprentissages scolaires qui se d\u00e9marque de la p\u00e9dagogie traditionnelle et se rapproche des th\u00e9ories issues de l\u2019\u00e9cole nouvelle. Cette orientation passe par un centrage sur le d\u00e9veloppement de comp\u00e9tences plut\u00f4t que sur la transmission de savoirs.<br>Nous retrouvons l\u00e0 un dilemme r\u00e9current dans l\u2019histoire de l\u2019\u00e9ducation : faut-il enseigner des savoirs ou d\u00e9velopper des comp\u00e9tences ? Ce dilemme oppose, en caricaturant un peu, les partisans des \u00ab t\u00eates bien pleines \u00bb \u00e0 ceux des \u00ab t\u00eates bien faites \u00bb et traduit deux conceptions de l\u2019\u00e9cole : l\u2019une, plus classique, bas\u00e9e sur la transmission des savoirs et la d\u00e9couverte d\u2019un large champ de connaissances de type encyclop\u00e9dique, est essentiellement fond\u00e9e sur une p\u00e9dagogie transmissive et une transposition didactique issue des savoirs savants de r\u00e9f\u00e9rence ; l\u2019autre, plus moderne, inspir\u00e9e de l\u2019\u00e9cole nouvelle et de la formation professionnelle, est fond\u00e9e sur les p\u00e9dagogies actives et une transposition didactique qui prend en compte les pratiques sociales et professionnelles de r\u00e9f\u00e9rences.\u00a0\u00bb<\/p>\n<\/blockquote>\n\n\n\n<p>Cette citation expose clairement le point de vue des \u00ab\u00a0d\u00e9veloppeurs de comp\u00e9tences\u00a0\u00bb, bande de cuistres d\u00e9nigrant une conception pr\u00e9tendument pass\u00e9iste de l&rsquo;enseignement au profit de leur propre conception dont ils autoproclament, avec une fatuit\u00e9 sectaire, l&rsquo;excellence. Cette conception implique une d\u00e9valorisation de l&rsquo;acquisition des savoirs que ces soi-disant sp\u00e9cialistes de la didactique subordonnent \u00e0 une approche transmissive (ce qui est un mensonge \u00e9hont\u00e9). En fin de compte, il n&rsquo;y a plus de savoir du tout mais du brassage de vent.<\/p>\n\n\n\n<p>Avec le recul du temps, force est de constater que ce point de vue \u00ab\u00a0comp\u00e9tences\u00a0\u00bb a eu sur la qualit\u00e9 de l&rsquo;enseignement un effet comparable \u00e0 celui de l&rsquo;intrusion d&rsquo;un Boeing dans un gratte-ciel.<br>De quoi s&rsquo;agit-il exactement ? Nous allons tenter d&rsquo;apporter quelques \u00e9l\u00e9ments de r\u00e9ponse.<\/p>\n\n\n\n<h2 class=\"wp-block-heading\">1. Petit lexique basique<\/h2>\n\n\n\n<p>Commen\u00e7ons par consulter quelques d\u00e9finitions dans le dictionnaire Larousse en ligne :<\/p>\n\n\n\n<ul class=\"wp-block-list\">\n<li>Savoir : Ensemble coh\u00e9rent de connaissances acquises au contact de la r\u00e9alit\u00e9 ou par l&rsquo;\u00e9tude<\/li>\n\n\n\n<li>Savoir-faire : Comp\u00e9tence acquise par l&rsquo;exp\u00e9rience dans les probl\u00e8mes pratiques, dans l&rsquo;exercice d&rsquo;un m\u00e9tier<\/li>\n\n\n\n<li>M\u00e9thode : Ensemble ordonn\u00e9 de mani\u00e8re logique de principes, de r\u00e8gles, d&rsquo;\u00e9tapes, qui constitue un moyen pour parvenir \u00e0 un r\u00e9sultat<\/li>\n\n\n\n<li>Capacit\u00e9 : Aptitude de quelqu&rsquo;un dans tel ou tel domaine<\/li>\n\n\n\n<li>Connaissance : Action, fait de comprendre, de conna\u00eetre les propri\u00e9t\u00e9s, les caract\u00e9ristiques, les traits sp\u00e9cifiques de quelque chose<\/li>\n\n\n\n<li>Comp\u00e9tence : Capacit\u00e9 reconnue en telle ou telle mati\u00e8re en raison de connaissances poss\u00e9d\u00e9es et qui donne le droit d&rsquo;en juger<\/li>\n<\/ul>\n\n\n\n<p>Comme on le voit, ce lexique est insuffisant, la notion de savoir s\u2019appuie dans ce lexique sur celle de \u00ab connaissance \u00bb alors que la notion de connaissance fait appel \u00e0 elle-m\u00eame pour se d\u00e9finir. La d\u00e9finition de \u00ab comp\u00e9tence \u00bb quant \u00e0 elle para\u00eet trop floue pour caract\u00e9riser ce que l\u2019on entend par \u00ab comp\u00e9tences math\u00e9matiques \u00bb.<br>Consulter cependant REDCM page 22 pour une distinction entre \u00ab\u00a0savoirs\u00a0\u00bb, \u00ab\u00a0savoir-faire\u00a0\u00bb et \u00ab\u00a0comp\u00e9tences\u00a0\u00bb<\/p>\n\n\n\n<h2 class=\"wp-block-heading\">2. Connaissances<\/h2>\n\n\n\n<p>Une distinction souvent admise entre \u00ab\u00a0savoirs\u00a0\u00bb et \u00ab\u00a0connaissances\u00a0\u00bb est la suivante :<br>Alors que les savoirs sont des donn\u00e9es ou des concepts qui existent en tant que tels et sont codifi\u00e9s dans une m\u00e9moire collective (un manuel par exemple), les connaissances sont li\u00e9es \u00e0 l\u2019individu qui les poss\u00e8de. Lorsqu&rsquo;un individu \u00ab prend connaissance \u00bb d\u2019un savoir, il s\u2019approprie ce savoir \u00e0 sa fa\u00e7on et transforme ce savoir en connaissance. Cette \u00ab connaissance \u00bb lui appartient alors en propre, il s&rsquo;agit d&rsquo;un savoir assimil\u00e9.<br>Ainsi, lorsqu&rsquo;un \u00e9l\u00e8ve met en \u0153uvre une \u00ab\u00a0connaissance\u00a0\u00bb, il met en \u0153uvre non pas un savoir ou un savoir-faire intangible, mais la conception qu&rsquo;il s&rsquo;est construite de ce savoir ou de savoir-faire.<\/p>\n\n\n\n<h3 class=\"wp-block-heading\">Connaissances selon la \u00ab\u00a0science cognitive\u00a0\u00bb<\/h3>\n\n\n\n<p>Cette \u00ab\u00a0science\u00a0\u00bb (guillemets indispensables, ne perdons pas de vue en effet que l&rsquo;adjectif \u00ab\u00a0cognitif\u00a0\u00bb est a priori suspect tant il est familier aux charlatans &#8230;) semble quant \u00e0 elle distinguer trois types de connaissances :<\/p>\n\n\n\n<ul class=\"wp-block-list\">\n<li>Les <strong>connaissances d\u00e9claratives<\/strong> correspondent aux connaissances th\u00e9oriques, au \u00ab\u00a0savoir\u00a0\u00bb, \u00e0 la connaissance des faits, des r\u00e8gles, des lois ou des principes. Il s&rsquo;agit de connaissances essentiellement statiques, invariantes d\u2019un individu \u00e0 l\u2019autre.<\/li>\n\n\n\n<li>Les <strong>connaissances proc\u00e9durales<\/strong> correspondent au comment de l&rsquo;action, aux \u00e9tapes, \u00e0 la proc\u00e9dure de r\u00e9alisation de l&rsquo;action, au \u00ab\u00a0savoir-faire\u00a0\u00bb. Ce sont des connaissances dynamiques qui ne peuvent se d\u00e9velopper que dans un contexte d&rsquo;action et sont sujettes \u00e0 une marge de variabilit\u00e9 d\u2019un individu \u00e0 l\u2019autre.<\/li>\n\n\n\n<li>Les <strong>connaissances conditionnelles<\/strong> correspondent au pourquoi et au quand de l&rsquo;action. Ce sont des connaissances strat\u00e9giques qui permettent de d\u00e9terminer le moment et le contexte dans lequel il est appropri\u00e9 d&rsquo;utiliser telle proc\u00e9dure, telle connaissance. Elles sont fondamentalement dynamiques et sp\u00e9cifiques de chaque individu. Ce type de connaissance est une des caract\u00e9ristiques de l&rsquo;expertise. Les connaissances conditionnelles sont \u00e9galement responsables du transfert des apprentissages, c&rsquo;est \u00e0 dire de la capacit\u00e9 d&rsquo;utiliser les connaissances dans un contexte diff\u00e9rent de celui dans lequel elles ont \u00e9t\u00e9 acquises.<\/li>\n<\/ul>\n\n\n\n<h2 class=\"wp-block-heading\">3. Comp\u00e9tences<\/h2>\n\n\n\n<p>Quel que soit le point de vue choisi, on constatera qu&rsquo;une \u00ab\u00a0comp\u00e9tence\u00a0\u00bb est une notion relative qui se travaille sur le long terme et qui est toujours en construction.<\/p>\n\n\n\n<h3 class=\"wp-block-heading\">3.1. Le point de vue de Guy Le Boterf<\/h3>\n\n\n\n<p>Guy Le Boterf propose la d\u00e9finition suivante :<\/p>\n\n\n\n<blockquote class=\"wp-block-quote is-layout-flow wp-block-quote-is-layout-flow\">\n<p>La comp\u00e9tence est la mobilisation ou l&rsquo;activation de plusieurs savoirs, dans une situation et un contexte donn\u00e9s.<\/p>\n<\/blockquote>\n\n\n\n<p>Il distingue plusieurs types de savoirs et savoir faire qu&rsquo;une \u00ab\u00a0comp\u00e9tence\u00a0\u00bb est \u00e0 m\u00eame de combiner :<\/p>\n\n\n\n<ul class=\"wp-block-list\">\n<li>Savoirs th\u00e9oriques (savoir comprendre, savoir interpr\u00e9ter)<\/li>\n\n\n\n<li>Savoirs proc\u00e9duraux (savoir comment proc\u00e9der)<\/li>\n\n\n\n<li>Savoir-faire proc\u00e9duraux (savoir proc\u00e9der, savoir op\u00e9rer)<\/li>\n\n\n\n<li>Savoir-faire exp\u00e9rientiels (savoir y faire, savoir s&rsquo;y prendre)<\/li>\n\n\n\n<li>Savoir-faire sociaux (savoir se comporter, savoir se conduire)<\/li>\n\n\n\n<li>Savoir-faire cognitifs (savoir traiter de l&rsquo;information, savoir raisonner, savoir nommer ce que l&rsquo;on fait, savoir apprendre)<\/li>\n<\/ul>\n\n\n\n<h3 class=\"wp-block-heading\">3.2. Les comp\u00e9tences selon le rapport d&rsquo;\u00e9valuation OCDE\/PISA<\/h3>\n\n\n\n<p>Le <a href=\"http:\/\/www.pisa.oecd.org\/document\/24\/0,3746,en_32252351_32235731_38378840_1_1_1_1,00.html\">rapport d&rsquo;\u00e9valuation PISA de l&rsquo;OCDE<\/a> est une enqu\u00eate men\u00e9e p\u00e9riodiquement dans les pays membres de l\u2019OCDE pour \u00e9valuer l\u2019acquisition de savoirs et savoir-faire essentiels, notamment en math\u00e9matiques.<br>Ce rapport dresse une liste de huit comp\u00e9tences g\u00e9n\u00e9rales valables \u00e0 tout niveau d&rsquo;enseignement, celles-ci s&rsquo;\u00e9noncent en termes de \u00ab\u00a0capacit\u00e9s\u00a0\u00bb :<\/p>\n\n\n\n<p><strong>1.Capacit\u00e9 de pens\u00e9e math\u00e9matique<\/strong><\/p>\n\n\n\n<ul class=\"wp-block-list\">\n<li>Savoir poser des questions caract\u00e9ristiques des math\u00e9matiques (\u00ab Existe-t-il\u2026 ? \u00bb, \u00ab Si oui, combien ? \u00bb, \u00ab Comment trouve-t-on\u2026 ? \u00bb)<\/li>\n\n\n\n<li>Conna\u00eetre les types de r\u00e9ponses que les math\u00e9matiques r\u00e9servent \u00e0 de telles questions<\/li>\n\n\n\n<li>Savoir distinguer diff\u00e9rents types d\u2019\u00e9nonc\u00e9s (d\u00e9finitions, th\u00e9or\u00e8mes, conjectures, hypoth\u00e8ses, exemples, assertions conditionnelles)<\/li>\n\n\n\n<li>Comprendre la port\u00e9e et les limites de concepts math\u00e9matiques donn\u00e9s<\/li>\n<\/ul>\n\n\n\n<p><strong>2. Capacit\u00e9 d\u2019argumentation math\u00e9matique<\/strong><\/p>\n\n\n\n<ul class=\"wp-block-list\">\n<li>Appr\u00e9hender ce qu\u2019est une d\u00e9monstration math\u00e9matique et en quoi elle diff\u00e8re d\u2019autres formes de raisonnements math\u00e9matiques<\/li>\n\n\n\n<li>Comprendre et \u00e9valuer diff\u00e9rents types d\u2019encha\u00eenements d\u2019arguments math\u00e9matiques<\/li>\n\n\n\n<li>Poss\u00e9der un certain sens de l\u2019heuristique (anticiper sur ce qu&rsquo;il peut se produire et pourquoi)<\/li>\n\n\n\n<li>Savoir d\u00e9velopper une argumentation math\u00e9matique<\/li>\n<\/ul>\n\n\n\n<p><strong>3. Capacit\u00e9 de mod\u00e9lisation math\u00e9matique<\/strong><\/p>\n\n\n\n<ul class=\"wp-block-list\">\n<li>Savoir structurer le domaine ou la situation qui doit \u00eatre mod\u00e9lis\u00e9<\/li>\n\n\n\n<li>\u00ab Math\u00e9matiser \u00bb (c\u2019est-\u00e0-dire op\u00e9rer une traduction de la \u00ab r\u00e9alit\u00e9 \u00bb vers la structure math\u00e9matique) et \u00ab d\u00e9math\u00e9matiser \u00bb (c\u2019est-\u00e0-dire interpr\u00e9ter des mod\u00e8les math\u00e9matiques en termes de \u00ab r\u00e9alit\u00e9 \u00bb)<\/li>\n\n\n\n<li>Travailler avec un mod\u00e8le math\u00e9matique : savoir valider un mod\u00e8le ; r\u00e9fl\u00e9chir, analyser et se montrer critique \u00e0 son \u00e9gard<\/li>\n\n\n\n<li>Savoir communiquer \u00e0 propos du mod\u00e8le et de ses r\u00e9sultats (y compris au sujet des limites de ces derniers)<\/li>\n\n\n\n<li>savoir ma\u00eetriser le suivi et le contr\u00f4le du processus de mod\u00e9lisation<\/li>\n<\/ul>\n\n\n\n<p><strong>4. Capacit\u00e9 de poser et r\u00e9soudre des probl\u00e8mes<\/strong><\/p>\n\n\n\n<ul class=\"wp-block-list\">\n<li>Savoir poser, formuler et d\u00e9finir diff\u00e9rents types de probl\u00e8mes math\u00e9matiques (\u00ab purs \u00bb, \u00ab appliqu\u00e9s \u00bb, \u00ab \u00e0 r\u00e9ponses ouvertes \u00bb, \u00ab \u00e0 r\u00e9ponses ferm\u00e9es \u00bb)<\/li>\n\n\n\n<li>Savoir r\u00e9soudre diff\u00e9rentes sortes de probl\u00e8mes<\/li>\n<\/ul>\n\n\n\n<p><strong>5. Capacit\u00e9 de repr\u00e9sentation<\/strong><\/p>\n\n\n\n<ul class=\"wp-block-list\">\n<li>Savoir d\u00e9coder, interpr\u00e9ter et distinguer diff\u00e9rentes formes de repr\u00e9sentation d\u2019objets et de situations math\u00e9matiques ainsi que les relations entre les diverses repr\u00e9sentations<\/li>\n\n\n\n<li>Savoir choisir entre diff\u00e9rentes formes de repr\u00e9sentations et passer de l\u2019une \u00e0 l\u2019autre en fonction de la situation et du but recherch\u00e9<\/li>\n<\/ul>\n\n\n\n<p><strong>6. Capacit\u00e9 symbolique, formelle et technique<\/strong><\/p>\n\n\n\n<ul class=\"wp-block-list\">\n<li>Savoir d\u00e9coder et interpr\u00e9ter le langage symbolique et formel, et saisir les relations qu\u2019il entretient avec la langue naturelle<\/li>\n\n\n\n<li>Op\u00e9rer la conversion de la langue naturelle vers le langage symbolique et formel<\/li>\n\n\n\n<li>Manier des \u00e9nonc\u00e9s et des expressions contenant des symboles et des formules<\/li>\n\n\n\n<li>Utiliser des variables, r\u00e9soudre des \u00e9quations et effectuer des calculs<\/li>\n<\/ul>\n\n\n\n<p><strong>7. Capacit\u00e9 de communiquer<\/strong><\/p>\n\n\n\n<ul class=\"wp-block-list\">\n<li>Savoir s\u2019exprimer de diverses fa\u00e7ons sur des sujets \u00e0 contenu math\u00e9matique, tant oralement que par \u00e9crit<\/li>\n\n\n\n<li>Savoir comprendre une information orale et \u00e9crite sur les m\u00eames sujets, formul\u00e9e par autrui<\/li>\n<\/ul>\n\n\n\n<p><strong>8. Capacit\u00e9 de manier les outils et les instruments<\/strong><\/p>\n\n\n\n<ul class=\"wp-block-list\">\n<li>Conna\u00eetre et pouvoir utiliser diff\u00e9rents outils et instruments (y compris les nouvelles technologies d\u2019information) pouvant contribuer \u00e0 l\u2019activit\u00e9 math\u00e9matique<\/li>\n\n\n\n<li>\u00catre inform\u00e9 des limites effectives de tels outils et instruments<\/li>\n<\/ul>\n\n\n\n<p>On remarquera que dans chaque cas, une \u00ab\u00a0comp\u00e9tence\u00a0\u00bb d\u00e9signe une attitude, un \u00ab\u00a0savoir-agir\u00a0\u00bb. Cet aspect de \u00ab\u00a0savoir-agir\u00a0\u00bb caract\u00e9rise \u00e9galement les types de comp\u00e9tences suivant la classification de Le Boterf<\/p>\n\n\n\n<h3 class=\"wp-block-heading\">3.3. Une synth\u00e8se en huit comp\u00e9tences<\/h3>\n\n\n\n<p>Une liste de comp\u00e9tences plus proche de la classification en diff\u00e9rents types de probl\u00e8mes (REDCM pages 19 \u00e0 23) est la suivante :<\/p>\n\n\n\n<ol class=\"wp-block-list\">\n<li>Savoir exp\u00e9rimenter : prendre des initiatives, \u00e9mettre une conjecture<\/li>\n\n\n\n<li>Savoir mod\u00e9liser : choisir un mod\u00e8le, travailler avec ce mod\u00e8le, l\u2019interpr\u00e9ter<\/li>\n\n\n\n<li>Savoir \u00e9valuer : critiquer un r\u00e9sultat, v\u00e9rifier la validit\u00e9 d\u2019un r\u00e9sultat ou d\u2019une m\u00e9thode, la pertinence d\u2019un mod\u00e8le<\/li>\n\n\n\n<li>Savoir communiquer : d\u00e9velopper une argumentation, justifier son r\u00e9sultat, mettre en forme un raisonnement, structurer une m\u00e9thode<\/li>\n\n\n\n<li>Savoir restituer : mobiliser ses connaissances, appliquer une m\u00e9thode \u00e9prouv\u00e9e, d\u00e9velopper une d\u00e9marche connue<\/li>\n\n\n\n<li>Savoir repr\u00e9senter : choisir entre plusieurs repr\u00e9sentations d&rsquo;un m\u00eame objet math\u00e9matique, changer de point de vue, mobiliser ses connaissances ind\u00e9pendamment du contexte<\/li>\n\n\n\n<li>Savoir se documenter : faire preuve d\u2019autonomie dans le traitement de l\u2019information, s\u00e9lectionner, organiser, traiter l\u2019information<\/li>\n\n\n\n<li>Savoir instrumenter : utiliser \u00e0 bon escient diff\u00e9rents outils et instruments<\/li>\n<\/ol>\n\n\n\n<h3 class=\"wp-block-heading\">3.4. Les six comp\u00e9tences du document <a href=\"http:\/\/cache.media.eduscol.education.fr\/file\/Mathematiques\/90\/0\/Competences_mathematiques_Lycee_282900.pdf\">\u00ab\u00a0comp\u00e9tences math\u00e9matiques au lyc\u00e9e\u00a0\u00bb<\/a><\/h3>\n\n\n\n<p>Ce document, \u00e0 lire et relire absolument, d\u00e9crit et d\u00e9taille uniquement six comp\u00e9tences : chercher, mod\u00e9liser, repr\u00e9senter, calculer, raisonner, communiquer. Tout candidat devrait \u00eatre capable de r\u00e9citer chacun des six versets de ce document \u00ab\u00a0par c\u0153ur\u00a0\u00bb, \u00e0 l&rsquo;endroit comme \u00e0 l&rsquo;envers, \u00e0 l&rsquo;instar du petit livre rouge des gardes mao\u00efstes d&rsquo;antan. Il s&rsquo;agit l\u00e0 du missel de r\u00e9f\u00e9rence supr\u00eame \u00e0 installer \u00e0 demeure sur sa table de chevet.<\/p>\n\n\n\n<h2 class=\"wp-block-heading\">4. Conclusion<\/h2>\n\n\n\n<p>Quelle que soit leur conviction personnelle sur la question, les candidats se doivent de se conformer strictement \u00e0 la doctrine de l&rsquo;Institution, aussi sectaire et r\u00e9ductrice qu&rsquo;elle soit. L&rsquo;assimilation du discours officiel, cela se pr\u00e9pare aussi !<\/p>\n","protected":false},"excerpt":{"rendered":"<p>(NB. Document r\u00e9dig\u00e9 en 2019. Il appartient au lecteur candidat Cap\u00e9sien de l&rsquo;actualiser \u00e0 l&rsquo;\u00e9clairage des sessions les plus r\u00e9centes). Jusqu&rsquo;\u00e0 la session 2010 du CAPES, il \u00e9tait souvent question dans le travail \u00e0 pr\u00e9senter au jury lors de l&rsquo;Oral 2 de d\u00e9gager les \u00ab savoirs et m\u00e9thodes \u00bb travaill\u00e9s dans un exercice. La session [&hellip;]<\/p>\n","protected":false},"author":1,"featured_media":0,"parent":0,"menu_order":0,"comment_status":"closed","ping_status":"closed","template":"","meta":{"ocean_post_layout":"","ocean_both_sidebars_style":"","ocean_both_sidebars_content_width":0,"ocean_both_sidebars_sidebars_width":0,"ocean_sidebar":"","ocean_second_sidebar":"","ocean_disable_margins":"enable","ocean_add_body_class":"","ocean_shortcode_before_top_bar":"","ocean_shortcode_after_top_bar":"","ocean_shortcode_before_header":"","ocean_shortcode_after_header":"","ocean_has_shortcode":"","ocean_shortcode_after_title":"","ocean_shortcode_before_footer_widgets":"","ocean_shortcode_after_footer_widgets":"","ocean_shortcode_before_footer_bottom":"","ocean_shortcode_after_footer_bottom":"","ocean_display_top_bar":"default","ocean_display_header":"default","ocean_header_style":"","ocean_center_header_left_menu":"","ocean_custom_header_template":"","ocean_custom_logo":0,"ocean_custom_retina_logo":0,"ocean_custom_logo_max_width":0,"ocean_custom_logo_tablet_max_width":0,"ocean_custom_logo_mobile_max_width":0,"ocean_custom_logo_max_height":0,"ocean_custom_logo_tablet_max_height":0,"ocean_custom_logo_mobile_max_height":0,"ocean_header_custom_menu":"","ocean_menu_typo_font_family":"","ocean_menu_typo_font_subset":"","ocean_menu_typo_font_size":0,"ocean_menu_typo_font_size_tablet":0,"ocean_menu_typo_font_size_mobile":0,"ocean_menu_typo_font_size_unit":"px","ocean_menu_typo_font_weight":"","ocean_menu_typo_font_weight_tablet":"","ocean_menu_typo_font_weight_mobile":"","ocean_menu_typo_transform":"","ocean_menu_typo_transform_tablet":"","ocean_menu_typo_transform_mobile":"","ocean_menu_typo_line_height":0,"ocean_menu_typo_line_height_tablet":0,"ocean_menu_typo_line_height_mobile":0,"ocean_menu_typo_line_height_unit":"","ocean_menu_typo_spacing":0,"ocean_menu_typo_spacing_tablet":0,"ocean_menu_typo_spacing_mobile":0,"ocean_menu_typo_spacing_unit":"","ocean_menu_link_color":"","ocean_menu_link_color_hover":"","ocean_menu_link_color_active":"","ocean_menu_link_background":"","ocean_menu_link_hover_background":"","ocean_menu_link_active_background":"","ocean_menu_social_links_bg":"","ocean_menu_social_hover_links_bg":"","ocean_menu_social_links_color":"","ocean_menu_social_hover_links_color":"","ocean_disable_title":"default","ocean_disable_heading":"default","ocean_post_title":"","ocean_post_subheading":"","ocean_post_title_style":"","ocean_post_title_background_color":"","ocean_post_title_background":0,"ocean_post_title_bg_image_position":"","ocean_post_title_bg_image_attachment":"","ocean_post_title_bg_image_repeat":"","ocean_post_title_bg_image_size":"","ocean_post_title_height":0,"ocean_post_title_bg_overlay":0.5,"ocean_post_title_bg_overlay_color":"","ocean_disable_breadcrumbs":"default","ocean_breadcrumbs_color":"","ocean_breadcrumbs_separator_color":"","ocean_breadcrumbs_links_color":"","ocean_breadcrumbs_links_hover_color":"","ocean_display_footer_widgets":"default","ocean_display_footer_bottom":"default","ocean_custom_footer_template":"","footnotes":""},"class_list":["post-391","page","type-page","status-publish","hentry","entry"],"_links":{"self":[{"href":"https:\/\/gjmaths.fr\/index.php\/wp-json\/wp\/v2\/pages\/391","targetHints":{"allow":["GET"]}}],"collection":[{"href":"https:\/\/gjmaths.fr\/index.php\/wp-json\/wp\/v2\/pages"}],"about":[{"href":"https:\/\/gjmaths.fr\/index.php\/wp-json\/wp\/v2\/types\/page"}],"author":[{"embeddable":true,"href":"https:\/\/gjmaths.fr\/index.php\/wp-json\/wp\/v2\/users\/1"}],"replies":[{"embeddable":true,"href":"https:\/\/gjmaths.fr\/index.php\/wp-json\/wp\/v2\/comments?post=391"}],"version-history":[{"count":4,"href":"https:\/\/gjmaths.fr\/index.php\/wp-json\/wp\/v2\/pages\/391\/revisions"}],"predecessor-version":[{"id":700,"href":"https:\/\/gjmaths.fr\/index.php\/wp-json\/wp\/v2\/pages\/391\/revisions\/700"}],"wp:attachment":[{"href":"https:\/\/gjmaths.fr\/index.php\/wp-json\/wp\/v2\/media?parent=391"}],"curies":[{"name":"wp","href":"https:\/\/api.w.org\/{rel}","templated":true}]}}