{"id":16,"date":"2023-10-18T07:32:50","date_gmt":"2023-10-18T05:32:50","guid":{"rendered":"https:\/\/gjmaths.fr\/?page_id=16"},"modified":"2026-01-04T07:57:33","modified_gmt":"2026-01-04T06:57:33","slug":"documents-pour-le-capes-de-maths-et-autres-pages","status":"publish","type":"page","link":"https:\/\/gjmaths.fr\/","title":{"rendered":"Documents pour le CAPES de Maths et autres pages"},"content":{"rendered":"\n<p>Le site \u00ab\u00a0gjmaths\u00a0\u00bb que voici s&rsquo;adressait jadis (ann\u00e9es 2010 \u00e0 2020) aux \u00e9tudiants pr\u00e9parant le CAPES de Math\u00e9matiques. Le but \u00e9tait de proposer des \u00ab\u00a0corrig\u00e9s\u00a0\u00bb de la deuxi\u00e8me \u00e9preuve d&rsquo;Oral (\u00e9preuve sur dossier) du concours de l&rsquo;\u00e9poque ainsi que des corrig\u00e9s des deuxi\u00e8mes \u00e9preuves d&rsquo;\u00e9crit. Ces documents sont encore en ligne sur le site actuel. Compte tenu du sabordage du niveau du concours, la destination de ce site s&rsquo;est diversifi\u00e9e. Si les candidats au CAPES peuvent y trouver des pages plus ou moins d\u00e9di\u00e9es (\u00e9crit 1 actuel), d&rsquo;autres rubriques ne leur sont plus du tout destin\u00e9es, visant plut\u00f4t les \u00e9tudiants en Math\u00e9matiques, depuis le niveau Lyc\u00e9e jusqu&rsquo;au niveau des deux premi\u00e8res ann\u00e9es d&rsquo;Universit\u00e9 et de classes Pr\u00e9pa.<\/p>\n\n\n\n<h5 class=\"wp-block-heading\">Nouveaut\u00e9s :<\/h5>\n\n\n\n<ul class=\"wp-block-list\">\n<li>Des \u00e9l\u00e9ments de correction d&rsquo;un probl\u00e8me issu du <a href=\"http:\/\/gjmaths.fr\/wp-content\/uploads\/2025\/01\/cgmaroc2024corrgj.pdf\" data-type=\"link\" data-id=\"http:\/\/gjmaths.fr\/wp-content\/uploads\/2025\/01\/cgmaroc2024corrgj.pdf\">Concours G\u00e9n\u00e9ral Marocain 2024<\/a>. Une \u00e9pop\u00e9e au pays de l&rsquo;Arithm\u00e9tique. Voir la page \u00ab\u00a0Concours G\u00e9n\u00e9ral\u00a0\u00bb pour plus de d\u00e9tails.<\/li>\n\n\n\n<li>Des <a href=\"http:\/\/gjmaths.fr\/wp-content\/uploads\/2025\/12\/bacmaroc2023exo4.pdf\">\u00e9l\u00e9ments de comparaison de deux exercices (2023 et 2025)<\/a>  donn\u00e9s au Bac Marocain, Ce Baccalaur\u00e9at est rest\u00e9 d&rsquo;un niveau nettement plus consistant que celui du Baccalaur\u00e9at actuel Fran\u00e7ais.<\/li>\n\n\n\n<li>Quelques r\u00e9flexions sur le <a href=\"http:\/\/gjmaths.fr\/wp-content\/uploads\/2025\/12\/bac2025_septembre.pdf\">sujet de Bac M\u00e9tropole septembre<\/a>.<\/li>\n\n\n\n<li>Des corrections d&rsquo;un sujet z\u00e9ro et du sujet Mayotte du CAPES (voir page d\u00e9di\u00e9e  \u00ab\u00a0Annales du CAPES\u00a0\u00bb)<\/li>\n<\/ul>\n\n\n\n<h4 class=\"wp-block-heading\">Au menu<\/h4>\n\n\n\n<ul class=\"wp-block-list\">\n<li><a href=\"https:\/\/gjmaths.fr\/index.php\/annales-du-capes\/\">Annales pour l&rsquo;\u00e9crit 1 du CAPES<\/a> : Corrig\u00e9s de probl\u00e8mes donn\u00e9s \u00e0 l&rsquo;\u00e9crit du CAPES lors des sessions pass\u00e9es (sessions r\u00e9centes de 2018 \u00e0 2024 notamment, mais pas que).<\/li>\n\n\n\n<li><a href=\"https:\/\/gjmaths.fr\/index.php\/archives-esd\/\">Archives ESD<\/a> : S\u00e9lection de sujets d&rsquo;oraux \u00ab\u00a0\u00c9preuve Sur Dossier\u00a0\u00bb (ou \u00ab\u00a0Oral 2) de l&rsquo;ancienne mouture du concours (ann\u00e9es 2011 \u00e0 2019). \u00c9nonc\u00e9s d&rsquo;exercices, souvent accompagn\u00e9s de \u00ab\u00a0travaux d&rsquo;\u00e9l\u00e8ves\u00a0\u00bb suivis de commentaires personnels. Cette page peut servir (hum &#8230; ?) de banque de donn\u00e9es pour la pr\u00e9paration \u00e0 l&rsquo;\u00e9preuve d\u2019\u00c9crit 2 du CAPES actuel.<\/li>\n\n\n\n<li><a href=\"https:\/\/gjmaths.fr\/index.php\/ecrit-1\/\">Probl\u00e8mes vari\u00e9s<\/a> : S\u00e9lection de probl\u00e8mes corrig\u00e9s. Une majorit\u00e9 de probl\u00e8mes sont issus de sujets de baccalaur\u00e9at de l&rsquo;ancienne fili\u00e8re d&rsquo;excellence \u00ab\u00a0Terminale C\u00a0\u00bb du si\u00e8cle pr\u00e9c\u00e9dent. Le niveau est en g\u00e9n\u00e9ral tr\u00e8s sup\u00e9rieur \u00e0 celui de l&rsquo;\u00e9preuve du CAPES actuel, cette page est d\u00e9di\u00e9e \u00e0 une \u00ab\u00a0culture math\u00e9matique\u00a0\u00bb plus \u00e9tendue que celle esp\u00e9r\u00e9e des futurs enseignants.<\/li>\n\n\n\n<li><a href=\"https:\/\/gjmaths.fr\/index.php\/concours-general\/\">Concours G\u00e9n\u00e9ral <\/a>: Page d\u00e9di\u00e9e \u00e0 des \u00e9l\u00e9ments de correction de certains anciens sujets pos\u00e9s au Concours G\u00e9n\u00e9ral des Lyc\u00e9es.<strong>Pour les sujets des ann\u00e9es r\u00e9centes, voir des corrig\u00e9s d\u00e9taill\u00e9s sur le <a href=\"https:\/\/www.freemaths.fr\/annales-composition-mathematiques-concours-general\/serie-s\">site freemaths<\/a>.<\/strong><\/li>\n\n\n\n<li>Olympiades de Premi\u00e8re : Sujets nettement plus accessibles que ceux du Concours G\u00e9n\u00e9ral, les Olympiades de Premi\u00e8re constituent une tr\u00e8s int\u00e9ressante  \u00ab\u00a0banque d&rsquo;exercices\u00a0\u00bb. Le niveau de ces exercices est en g\u00e9n\u00e9ral sup\u00e9rieur au niveau requis pour le concours du CAPES ; ils demandent un certain esprit d&rsquo;initiative qui est maintenant absent du CAPES. <strong>Voir sujets et corrig\u00e9s (dont je suis l&rsquo;auteur) sur le <a href=\"https:\/\/www.freemaths.fr\/annales-olympiades-mathematiques-premieres-scientifiques-s\">site freemaths<\/a>.<\/strong><\/li>\n<\/ul>\n\n\n\n<p><\/p>\n","protected":false},"excerpt":{"rendered":"<p>Le site \u00ab\u00a0gjmaths\u00a0\u00bb que voici s&rsquo;adressait jadis (ann\u00e9es 2010 \u00e0 2020) aux \u00e9tudiants pr\u00e9parant le CAPES de Math\u00e9matiques. Le but \u00e9tait de proposer des \u00ab\u00a0corrig\u00e9s\u00a0\u00bb de la deuxi\u00e8me \u00e9preuve d&rsquo;Oral (\u00e9preuve sur dossier) du concours de l&rsquo;\u00e9poque ainsi que des corrig\u00e9s des deuxi\u00e8mes \u00e9preuves d&rsquo;\u00e9crit. Ces documents sont encore en ligne sur le site actuel. [&hellip;]<\/p>\n","protected":false},"author":1,"featured_media":0,"parent":0,"menu_order":0,"comment_status":"closed","ping_status":"closed","template":"","meta":{"ocean_post_layout":"","ocean_both_sidebars_style":"","ocean_both_sidebars_content_width":0,"ocean_both_sidebars_sidebars_width":0,"ocean_sidebar":"","ocean_second_sidebar":"","ocean_disable_margins":"enable","ocean_add_body_class":"","ocean_shortcode_before_top_bar":"","ocean_shortcode_after_top_bar":"","ocean_shortcode_before_header":"","ocean_shortcode_after_header":"","ocean_has_shortcode":"","ocean_shortcode_after_title":"","ocean_shortcode_before_footer_widgets":"","ocean_shortcode_after_footer_widgets":"","ocean_shortcode_before_footer_bottom":"","ocean_shortcode_after_footer_bottom":"","ocean_display_top_bar":"default","ocean_display_header":"default","ocean_header_style":"","ocean_center_header_left_menu":"","ocean_custom_header_template":"","ocean_custom_logo":0,"ocean_custom_retina_logo":0,"ocean_custom_logo_max_width":0,"ocean_custom_logo_tablet_max_width":0,"ocean_custom_logo_mobile_max_width":0,"ocean_custom_logo_max_height":0,"ocean_custom_logo_tablet_max_height":0,"ocean_custom_logo_mobile_max_height":0,"ocean_header_custom_menu":"","ocean_menu_typo_font_family":"","ocean_menu_typo_font_subset":"","ocean_menu_typo_font_size":0,"ocean_menu_typo_font_size_tablet":0,"ocean_menu_typo_font_size_mobile":0,"ocean_menu_typo_font_size_unit":"px","ocean_menu_typo_font_weight":"","ocean_menu_typo_font_weight_tablet":"","ocean_menu_typo_font_weight_mobile":"","ocean_menu_typo_transform":"","ocean_menu_typo_transform_tablet":"","ocean_menu_typo_transform_mobile":"","ocean_menu_typo_line_height":0,"ocean_menu_typo_line_height_tablet":0,"ocean_menu_typo_line_height_mobile":0,"ocean_menu_typo_line_height_unit":"","ocean_menu_typo_spacing":0,"ocean_menu_typo_spacing_tablet":0,"ocean_menu_typo_spacing_mobile":0,"ocean_menu_typo_spacing_unit":"","ocean_menu_link_color":"","ocean_menu_link_color_hover":"","ocean_menu_link_color_active":"","ocean_menu_link_background":"","ocean_menu_link_hover_background":"","ocean_menu_link_active_background":"","ocean_menu_social_links_bg":"","ocean_menu_social_hover_links_bg":"","ocean_menu_social_links_color":"","ocean_menu_social_hover_links_color":"","ocean_disable_title":"default","ocean_disable_heading":"default","ocean_post_title":"","ocean_post_subheading":"","ocean_post_title_style":"","ocean_post_title_background_color":"","ocean_post_title_background":0,"ocean_post_title_bg_image_position":"","ocean_post_title_bg_image_attachment":"","ocean_post_title_bg_image_repeat":"","ocean_post_title_bg_image_size":"","ocean_post_title_height":0,"ocean_post_title_bg_overlay":0.5,"ocean_post_title_bg_overlay_color":"","ocean_disable_breadcrumbs":"default","ocean_breadcrumbs_color":"","ocean_breadcrumbs_separator_color":"","ocean_breadcrumbs_links_color":"","ocean_breadcrumbs_links_hover_color":"","ocean_display_footer_widgets":"default","ocean_display_footer_bottom":"default","ocean_custom_footer_template":"","footnotes":""},"class_list":["post-16","page","type-page","status-publish","hentry","entry"],"_links":{"self":[{"href":"https:\/\/gjmaths.fr\/index.php\/wp-json\/wp\/v2\/pages\/16","targetHints":{"allow":["GET"]}}],"collection":[{"href":"https:\/\/gjmaths.fr\/index.php\/wp-json\/wp\/v2\/pages"}],"about":[{"href":"https:\/\/gjmaths.fr\/index.php\/wp-json\/wp\/v2\/types\/page"}],"author":[{"embeddable":true,"href":"https:\/\/gjmaths.fr\/index.php\/wp-json\/wp\/v2\/users\/1"}],"replies":[{"embeddable":true,"href":"https:\/\/gjmaths.fr\/index.php\/wp-json\/wp\/v2\/comments?post=16"}],"version-history":[{"count":47,"href":"https:\/\/gjmaths.fr\/index.php\/wp-json\/wp\/v2\/pages\/16\/revisions"}],"predecessor-version":[{"id":746,"href":"https:\/\/gjmaths.fr\/index.php\/wp-json\/wp\/v2\/pages\/16\/revisions\/746"}],"wp:attachment":[{"href":"https:\/\/gjmaths.fr\/index.php\/wp-json\/wp\/v2\/media?parent=16"}],"curies":[{"name":"wp","href":"https:\/\/api.w.org\/{rel}","templated":true}]}}